{"id":1164,"date":"2020-01-28T07:01:28","date_gmt":"2020-01-28T06:01:28","guid":{"rendered":"https:\/\/immix.cz\/novinky\/"},"modified":"2025-08-19T18:03:48","modified_gmt":"2025-08-19T16:03:48","slug":"novinky","status":"publish","type":"page","link":"https:\/\/immix.cz\/en\/novinky\/","title":{"rendered":"News"},"content":{"rendered":"\n<h1 class=\"wp-block-heading\">News<\/h1>\n\n\n\n<p>Here you can explore the latest updates and news from our website.<\/p>\n\n\n\n<p><\/p>\n","protected":false},"excerpt":{"rendered":"<p>News Here you can explore the latest updates and news from our website.<\/p>\n","protected":false},"author":1,"featured_media":0,"parent":0,"menu_order":0,"comment_status":"closed","ping_status":"closed","template":"archive.php","meta":{"_acf_changed":false,"footnotes":""},"class_list":["post-1164","page","type-page","status-publish","hentry"],"acf":[],"yoast_head":"<!-- This site is optimized with the Yoast SEO plugin v25.6 - https:\/\/yoast.com\/wordpress\/plugins\/seo\/ -->\n<title>News - Veletr\u017en\u00ed logistika a mezin\u00e1rodn\u00ed spedice | IMMIX.cz<\/title>\n<meta name=\"robots\" content=\"index, follow, max-snippet:-1, max-image-preview:large, max-video-preview:-1\" \/>\n<link rel=\"canonical\" href=\"https:\/\/immix.cz\/en\/novinky\/\" \/>\n<meta property=\"og:locale\" content=\"en_US\" \/>\n<meta property=\"og:type\" content=\"article\" \/>\n<meta property=\"og:title\" content=\"News - Veletr\u017en\u00ed logistika a mezin\u00e1rodn\u00ed spedice | IMMIX.cz\" \/>\n<meta property=\"og:description\" content=\"News Here you can explore the latest updates and news from our website.\" \/>\n<meta property=\"og:url\" content=\"https:\/\/immix.cz\/en\/novinky\/\" \/>\n<meta property=\"og:site_name\" content=\"Veletr\u017en\u00ed logistika a mezin\u00e1rodn\u00ed spedice | IMMIX.cz\" \/>\n<meta property=\"article:modified_time\" content=\"2025-08-19T16:03:48+00:00\" \/>\n<meta name=\"twitter:card\" content=\"summary_large_image\" \/>\n<script type=\"application\/ld+json\" class=\"yoast-schema-graph\">{\"@context\":\"https:\/\/schema.org\",\"@graph\":[{\"@type\":\"WebPage\",\"@id\":\"https:\/\/immix.cz\/en\/novinky\/\",\"url\":\"https:\/\/immix.cz\/en\/novinky\/\",\"name\":\"News - Veletr\u017en\u00ed logistika a mezin\u00e1rodn\u00ed spedice | IMMIX.cz\",\"isPartOf\":{\"@id\":\"https:\/\/immix.cz\/en\/#website\"},\"datePublished\":\"2020-01-28T06:01:28+00:00\",\"dateModified\":\"2025-08-19T16:03:48+00:00\",\"breadcrumb\":{\"@id\":\"https:\/\/immix.cz\/en\/novinky\/#breadcrumb\"},\"inLanguage\":\"en-US\",\"potentialAction\":[{\"@type\":\"ReadAction\",\"target\":[\"https:\/\/immix.cz\/en\/novinky\/\"]}]},{\"@type\":\"BreadcrumbList\",\"@id\":\"https:\/\/immix.cz\/en\/novinky\/#breadcrumb\",\"itemListElement\":[{\"@type\":\"ListItem\",\"position\":1,\"name\":\"Dom\u016f\",\"item\":\"https:\/\/immix.cz\/en\/\"},{\"@type\":\"ListItem\",\"position\":2,\"name\":\"News\"}]},{\"@type\":\"WebSite\",\"@id\":\"https:\/\/immix.cz\/en\/#website\",\"url\":\"https:\/\/immix.cz\/en\/\",\"name\":\"Veletr\u017en\u00ed logistika a mezin\u00e1rodn\u00ed spedice | IMMIX.cz\",\"description\":\"V IMMIX se zam\u011b\u0159ujeme na poskytov\u00e1n\u00ed \u0161pi\u010dkov\u00fdch slu\u017eeb z oblast\u00ed veletr\u017en\u00ed logistiky, mezin\u00e1rodn\u00ed spedice, skladov\u00e1n\u00ed a v r\u00e1mci dal\u0161\u00edch p\u0159idru\u017een\u00fdch \u010dinnost\u00ed.\",\"potentialAction\":[{\"@type\":\"SearchAction\",\"target\":{\"@type\":\"EntryPoint\",\"urlTemplate\":\"https:\/\/immix.cz\/en\/?s={search_term_string}\"},\"query-input\":{\"@type\":\"PropertyValueSpecification\",\"valueRequired\":true,\"valueName\":\"search_term_string\"}}],\"inLanguage\":\"en-US\"}]}<\/script>\n<!-- \/ Yoast SEO plugin. -->","yoast_head_json":{"title":"News - Veletr\u017en\u00ed logistika a mezin\u00e1rodn\u00ed spedice | IMMIX.cz","robots":{"index":"index","follow":"follow","max-snippet":"max-snippet:-1","max-image-preview":"max-image-preview:large","max-video-preview":"max-video-preview:-1"},"canonical":"https:\/\/immix.cz\/en\/novinky\/","og_locale":"en_US","og_type":"article","og_title":"News - Veletr\u017en\u00ed logistika a mezin\u00e1rodn\u00ed spedice | IMMIX.cz","og_description":"News Here you can explore the latest updates and news from our website.","og_url":"https:\/\/immix.cz\/en\/novinky\/","og_site_name":"Veletr\u017en\u00ed logistika a mezin\u00e1rodn\u00ed spedice | IMMIX.cz","article_modified_time":"2025-08-19T16:03:48+00:00","twitter_card":"summary_large_image","schema":{"@context":"https:\/\/schema.org","@graph":[{"@type":"WebPage","@id":"https:\/\/immix.cz\/en\/novinky\/","url":"https:\/\/immix.cz\/en\/novinky\/","name":"News - Veletr\u017en\u00ed logistika a mezin\u00e1rodn\u00ed spedice | IMMIX.cz","isPartOf":{"@id":"https:\/\/immix.cz\/en\/#website"},"datePublished":"2020-01-28T06:01:28+00:00","dateModified":"2025-08-19T16:03:48+00:00","breadcrumb":{"@id":"https:\/\/immix.cz\/en\/novinky\/#breadcrumb"},"inLanguage":"en-US","potentialAction":[{"@type":"ReadAction","target":["https:\/\/immix.cz\/en\/novinky\/"]}]},{"@type":"BreadcrumbList","@id":"https:\/\/immix.cz\/en\/novinky\/#breadcrumb","itemListElement":[{"@type":"ListItem","position":1,"name":"Dom\u016f","item":"https:\/\/immix.cz\/en\/"},{"@type":"ListItem","position":2,"name":"News"}]},{"@type":"WebSite","@id":"https:\/\/immix.cz\/en\/#website","url":"https:\/\/immix.cz\/en\/","name":"Veletr\u017en\u00ed logistika a mezin\u00e1rodn\u00ed spedice | IMMIX.cz","description":"V IMMIX se zam\u011b\u0159ujeme na poskytov\u00e1n\u00ed \u0161pi\u010dkov\u00fdch slu\u017eeb z oblast\u00ed veletr\u017en\u00ed logistiky, mezin\u00e1rodn\u00ed spedice, skladov\u00e1n\u00ed a v r\u00e1mci dal\u0161\u00edch p\u0159idru\u017een\u00fdch \u010dinnost\u00ed.","potentialAction":[{"@type":"SearchAction","target":{"@type":"EntryPoint","urlTemplate":"https:\/\/immix.cz\/en\/?s={search_term_string}"},"query-input":{"@type":"PropertyValueSpecification","valueRequired":true,"valueName":"search_term_string"}}],"inLanguage":"en-US"}]}},"_links":{"self":[{"href":"https:\/\/immix.cz\/en\/wp-json\/wp\/v2\/pages\/1164","targetHints":{"allow":["GET"]}}],"collection":[{"href":"https:\/\/immix.cz\/en\/wp-json\/wp\/v2\/pages"}],"about":[{"href":"https:\/\/immix.cz\/en\/wp-json\/wp\/v2\/types\/page"}],"author":[{"embeddable":true,"href":"https:\/\/immix.cz\/en\/wp-json\/wp\/v2\/users\/1"}],"replies":[{"embeddable":true,"href":"https:\/\/immix.cz\/en\/wp-json\/wp\/v2\/comments?post=1164"}],"version-history":[{"count":1,"href":"https:\/\/immix.cz\/en\/wp-json\/wp\/v2\/pages\/1164\/revisions"}],"predecessor-version":[{"id":1244,"href":"https:\/\/immix.cz\/en\/wp-json\/wp\/v2\/pages\/1164\/revisions\/1244"}],"wp:attachment":[{"href":"https:\/\/immix.cz\/en\/wp-json\/wp\/v2\/media?parent=1164"}],"curies":[{"name":"wp","href":"https:\/\/api.w.org\/{rel}","templated":true}]}}